{"id":175,"date":"2022-03-15T08:40:43","date_gmt":"2022-03-15T08:40:43","guid":{"rendered":"https:\/\/vgtransferi.hr\/?page_id=175"},"modified":"2025-10-29T09:48:34","modified_gmt":"2025-10-29T09:48:34","slug":"politika-kolacica","status":"publish","type":"page","link":"https:\/\/vgtransferi.hr\/hr\/politika-kolacica\/","title":{"rendered":"Politika kola\u010di\u0107a"},"content":{"rendered":"<div class=\"wp-block-kadence-rowlayout alignnone\"><div id=\"kt-layout-id_26cdc3-15\" class=\"kt-row-layout-inner kt-layout-id_26cdc3-15\"><div class=\"kt-row-column-wrap kt-has-1-columns kt-gutter-default kt-v-gutter-default kt-row-valign-top kt-row-layout-equal kt-tab-layout-inherit kt-m-colapse-left-to-right kt-mobile-layout-row\">\n<div class=\"wp-block-kadence-column inner-column-1 kadence-column_1acab8-cd\"><div class=\"kt-inside-inner-col\"><div class=\"aligncenter wp-block-site-logo\"><a href=\"https:\/\/vgtransferi.hr\/hr\/\" class=\"custom-logo-link\" rel=\"home\"><img decoding=\"async\" width=\"250\" height=\"117\" data-src=\"https:\/\/vgtransferi.hr\/wp-content\/uploads\/2022\/02\/cropped-VG-Transferi-logo.png\" class=\"custom-logo lazyload\" alt=\"VG Transfers\" data-srcset=\"https:\/\/vgtransferi.hr\/wp-content\/uploads\/2022\/02\/cropped-VG-Transferi-logo.png 1920w, https:\/\/vgtransferi.hr\/wp-content\/uploads\/2022\/02\/cropped-VG-Transferi-logo-600x282.png 600w, https:\/\/vgtransferi.hr\/wp-content\/uploads\/2022\/02\/cropped-VG-Transferi-logo-300x141.png 300w, https:\/\/vgtransferi.hr\/wp-content\/uploads\/2022\/02\/cropped-VG-Transferi-logo-1024x481.png 1024w, https:\/\/vgtransferi.hr\/wp-content\/uploads\/2022\/02\/cropped-VG-Transferi-logo-768x360.png 768w, https:\/\/vgtransferi.hr\/wp-content\/uploads\/2022\/02\/cropped-VG-Transferi-logo-1536x721.png 1536w\" data-sizes=\"(max-width: 250px) 100vw, 250px\" src=\"data:image\/svg+xml;base64,PHN2ZyB3aWR0aD0iMSIgaGVpZ2h0PSIxIiB4bWxucz0iaHR0cDovL3d3dy53My5vcmcvMjAwMC9zdmciPjwvc3ZnPg==\" style=\"--smush-placeholder-width: 250px; --smush-placeholder-aspect-ratio: 250\/117;\" \/><\/a><\/div><\/div><\/div>\n<\/div><\/div><\/div>\n\n\n<div class=\"cli_pg_page_contaner\">\n<h3>O politici kola\u010di\u0107a<\/h3>\n<div>Ova Politika kola\u010di\u0107a obja\u0161njava \u0161to su kola\u010di\u0107i, kako ih koristimo, koje vrste kola\u010di\u0107a koristimo, koje podatke prikupljamo pomo\u0107u kola\u010di\u0107a i kako ih koristimo te kako mo\u017eete kontrolirati postavke kola\u010di\u0107a. Za vi\u0161e informacija o tome kako koristimo, pohranjujemo i upotrebljavamo kola\u010di\u0107e mo\u017eete pro\u010ditati u na\u0161im Pravilima privatnosti. Va\u0161 pristanak odnosi se na:\u00a0 vgtransferi.hr<\/div>\n<div><div class=\"cli_user_consent_state\">Va\u0161e trenutno stanje: Nema pristanka. <a class=\"cli_manage_current_consent\" style=\"cursor:pointer;text-decoration:underline;\">Upravljajte svojim pristankom.<\/a> <\/div><\/div>\n<h3>\u0160to su kola\u010di\u0107i?<\/h3>\n<div>Kola\u010di\u0107i su male podatkovne datoteke kojima se odre\u0111eni podaci pohranjuju na va\u0161e ra\u010dunalo kada posjetite internetsku stranicu putem va\u0161eg preglednika. Kola\u010di\u0107i poma\u017eu u ispravnom funkcioniranju stranice i omogu\u0107uju bolje korisni\u010dko iskustvo.<\/div>\n<h3>Kako koristimo kola\u010di\u0107e?<\/h3>\n<div>Ova stranica koristi kola\u010di\u0107e prve i tre\u0107e strane. Kola\u010di\u0107i prve strane dolaze sa Internet stranice koju ste posjetili, a neophodni su za ispravno funkcioniranje i ne prikupljaju osobne podatke.Kola\u010di\u0107i tre\u0107e strane dolaze od ostalih web mjesta i koriste se npr. Za dijeljenje sadr\u017eaja na dru\u0161tvene mre\u017ee, google anlitiku i sl.\n<p>\u00a0<\/p>\n<p>Kola\u010di\u0107i tre\u0107ih strana koje su izradile ostale web-lokacije. Te web-lokacije posjeduju dio sadr\u017eaja prikazanog na web-stranici koju ste posjetili, primjerice oglase ili slike.<\/p>\n<\/div>\n<h3>Koje vrste kola\u010di\u0107a koristimo?<\/h3>\n<div>\n<p>Neophodni: Neophodni kola\u010di\u0107i su neophodni za rad na\u0161e web stranice i kori\u0161tenje njegovih zna\u010dajki i \/ ili usluga. Na primjer, omogu\u0107uju vam navigaciju po web stranici i mogu\u0107nost prijave. Kori\u0161tenjem ove Internet stranice automatski dajete privolu na uporabu neophodnih kola\u010di\u0107a bez kojih web stranica ne mo\u017ee funkcionirati. Neophodni kola\u010di\u010di su nu\u017eni za ispravno funkcioniranje internet stranice. Oni omogu\u0107avaju funkcioniranje internet stranice. Ovi kola\u010di\u0107i prvenstveno su kola\u010di\u0107i sesije i bri\u0161u se kada zatvorite stranicu.<\/p>\n<p>Analiti\u010dki: Analiti\u010dki kola\u010di\u0107i prikupljaju podatke koji se koriste u svrhu analize na\u010dina kori\u0161tenja internetskih stranica, npr. broj posjeta, izvor prometa, pra\u0107enje vremena zadr\u017eavanja na na\u0161im stranicama, odre\u0111ivanje redoslijeda kojim posjetitelj pristupa raznim dijelovima na\u0161e web stranice i sl.<\/p>\n<p>Marketin\u0161ki: Marketin\u0161ki kola\u010di\u0107i se koriste za pra\u0107enje posjetiteljevog pona\u0161anja na internetskoj stranici i prikupljaju podatke koji poma\u017eu prikazivati oglase koji su relevantni i zanimljivi za pojedinog korisnika, a time i vi\u0161e vrijedni za izdava\u010de i ogla\u0161ava\u010de tre\u0107ih strana.<\/p>\n<p>Funkcionalni: Funkcionalni kola\u010di\u0107i omogu\u0107uju na\u0161oj web stranici da pamti odabire i prilagodbe koje ste napravili tijekom posjeta i pru\u017eaju pobolj\u0161ane osobne zna\u010dajke. Na primjer, pam\u0107enje promjena jezi\u010dnih postavki ili preferencije valute. Tako\u0111er se mogu koristiti kako bi se omogu\u0107ilo tre\u0107im stranama kako bi pru\u017eili alate za dru\u0161tveno dijeljenje i zapamtili va\u0161e \u017eeljene usluge dijeljenja. Funkcionalni kola\u010di\u0107i omogu\u0107uju nam pobolj\u0161anje upotrebljivosti i u\u010dinkovitosti web stranica te pru\u017eanje razli\u010ditih zna\u010dajki poput dijeljena sadr\u017eaja na dru\u0161tvenim mre\u017eama i drugih funkcionalnosti tre\u0107ih strana.<\/p>\n<p>The below list details the cookies used in our website.<\/p><table class=\"cookielawinfo-row-cat-table cookielawinfo-classic\"><thead><tr><th class=\"cookielawinfo-column-1\">Kola\u010di\u0107<\/th><th class=\"cookielawinfo-column-4\">Opis<\/th><\/tr><\/thead><tbody><tr class=\"cookielawinfo-row\"><td class=\"cookielawinfo-column-1\">cookielawinfo-checkbox-analytics<\/td><td class=\"cookielawinfo-column-4\">This cookie is set by GDPR Cookie Consent plugin. The cookie is used to store the user consent for the cookies in the category \"Analytics\".<\/td><\/tr><tr class=\"cookielawinfo-row\"><td class=\"cookielawinfo-column-1\">cookielawinfo-checkbox-functional<\/td><td class=\"cookielawinfo-column-4\">The cookie is set by GDPR cookie consent to record the user consent for the cookies in the category \"Functional\".<\/td><\/tr><tr class=\"cookielawinfo-row\"><td class=\"cookielawinfo-column-1\">cookielawinfo-checkbox-necessary<\/td><td class=\"cookielawinfo-column-4\">This cookie is set by GDPR Cookie Consent plugin. The cookies is used to store the user consent for the cookies in the category \"Necessary\".<\/td><\/tr><tr class=\"cookielawinfo-row\"><td class=\"cookielawinfo-column-1\">cookielawinfo-checkbox-others<\/td><td class=\"cookielawinfo-column-4\">This cookie is set by GDPR Cookie Consent plugin. The cookie is used to store the user consent for the cookies in the category \"Other.<\/td><\/tr><tr class=\"cookielawinfo-row\"><td class=\"cookielawinfo-column-1\">cookielawinfo-checkbox-performance<\/td><td class=\"cookielawinfo-column-4\">This cookie is set by GDPR Cookie Consent plugin. The cookie is used to store the user consent for the cookies in the category \"Performance\".<\/td><\/tr><tr class=\"cookielawinfo-row\"><td class=\"cookielawinfo-column-1\">viewed_cookie_policy<\/td><td class=\"cookielawinfo-column-4\">The cookie is set by the GDPR Cookie Consent plugin and is used to store whether or not user has consented to the use of cookies. It does not store any personal data.<\/td><\/tr><\/tbody><\/table>\n<\/div>\n<h3>Upravljanje postavkama kola\u010di\u0107a<\/h3>\n<div>\n<p>Svoje postavke kola\u010di\u0107a na ovoj internet stranici mo\u017eete promijeniti u bilo kojem trenutku na stranici Politika kola\u010di\u0107a. Mo\u017eete promijeniti ili potpuno povu\u0107i svoj pristanak za kori\u0161tenje kola\u010di\u0107a.<\/p>\n<p>Na razli\u010ditim internet preglednicima se na razli\u010dit na\u010din pode\u0161avaju postavke kola\u010di\u0107a. Ako onemogu\u0107ite kola\u010di\u0107e, ne\u0107ete mo\u0107i koristiti neke od funkcionalnosti na stranici. Za informacije o postavkama kola\u010di\u0107a, odaberite Internet preglednik koji koristite.<\/p>\n<p>Postavke kola\u010di\u0107a mo\u017eete podesiti i na sljede\u0107im stranicama:<\/p>\n<p><a href=\"http:\/\/www.aboutads.info\/choices\/#completed\">http:\/\/www.aboutads.info\/choices\/#completed\u00a0<\/a><\/p>\n<p><a href=\"http:\/\/www.youronlinechoices.eu\/\">http:\/\/www.youronlinechoices.eu\/\u00a0<\/a><\/p>\n<\/div>\n<\/div>","protected":false},"excerpt":{"rendered":"<p>O politici kola\u010di\u0107a Ova Politika kola\u010di\u0107a obja\u0161njava \u0161to su kola\u010di\u0107i, kako ih koristimo, koje vrste kola\u010di\u0107a koristimo, koje podatke prikupljamo pomo\u0107u kola\u010di\u0107a i kako ih koristimo te kako mo\u017eete kontrolirati postavke kola\u010di\u0107a. Za vi\u0161e informacija o tome kako koristimo, pohranjujemo i upotrebljavamo kola\u010di\u0107e mo\u017eete pro\u010ditati u na\u0161im Pravilima privatnosti. Va\u0161 pristanak odnosi se na:\u00a0 vgtransferi.hr [&hellip;]<\/p>\n","protected":false},"author":1,"featured_media":0,"parent":0,"menu_order":0,"comment_status":"closed","ping_status":"closed","template":"","meta":{"footnotes":""},"class_list":["post-175","page","type-page","status-publish","hentry"],"_links":{"self":[{"href":"https:\/\/vgtransferi.hr\/hr\/wp-json\/wp\/v2\/pages\/175","targetHints":{"allow":["GET"]}}],"collection":[{"href":"https:\/\/vgtransferi.hr\/hr\/wp-json\/wp\/v2\/pages"}],"about":[{"href":"https:\/\/vgtransferi.hr\/hr\/wp-json\/wp\/v2\/types\/page"}],"author":[{"embeddable":true,"href":"https:\/\/vgtransferi.hr\/hr\/wp-json\/wp\/v2\/users\/1"}],"replies":[{"embeddable":true,"href":"https:\/\/vgtransferi.hr\/hr\/wp-json\/wp\/v2\/comments?post=175"}],"version-history":[{"count":10,"href":"https:\/\/vgtransferi.hr\/hr\/wp-json\/wp\/v2\/pages\/175\/revisions"}],"predecessor-version":[{"id":659,"href":"https:\/\/vgtransferi.hr\/hr\/wp-json\/wp\/v2\/pages\/175\/revisions\/659"}],"wp:attachment":[{"href":"https:\/\/vgtransferi.hr\/hr\/wp-json\/wp\/v2\/media?parent=175"}],"curies":[{"name":"wp","href":"https:\/\/api.w.org\/{rel}","templated":true}]}}