{"id":3,"date":"2022-02-16T21:17:09","date_gmt":"2022-02-16T21:17:09","guid":{"rendered":"https:\/\/vgtransferi.hr\/?page_id=3"},"modified":"2025-10-29T09:48:42","modified_gmt":"2025-10-29T09:48:42","slug":"privacy-policy","status":"publish","type":"page","link":"https:\/\/vgtransferi.hr\/hr\/privacy-policy\/","title":{"rendered":"Politika privatnosti"},"content":{"rendered":"<div class=\"wp-block-kadence-rowlayout alignnone\"><div id=\"kt-layout-id_9b41e8-84\" class=\"kt-row-layout-inner kt-layout-id_9b41e8-84\"><div class=\"kt-row-column-wrap kt-has-1-columns kt-gutter-default kt-v-gutter-default kt-row-valign-top kt-row-layout-equal kt-tab-layout-inherit kt-m-colapse-left-to-right kt-mobile-layout-row\">\n<div class=\"wp-block-kadence-column inner-column-1 kadence-column_e13844-d3\"><div class=\"kt-inside-inner-col\"><div class=\"aligncenter wp-block-site-logo\"><a href=\"https:\/\/vgtransferi.hr\/hr\/\" class=\"custom-logo-link\" rel=\"home\"><img decoding=\"async\" width=\"250\" height=\"117\" data-src=\"https:\/\/vgtransferi.hr\/wp-content\/uploads\/2022\/02\/cropped-VG-Transferi-logo.png\" class=\"custom-logo lazyload\" alt=\"VG Transfers\" data-srcset=\"https:\/\/vgtransferi.hr\/wp-content\/uploads\/2022\/02\/cropped-VG-Transferi-logo.png 1920w, https:\/\/vgtransferi.hr\/wp-content\/uploads\/2022\/02\/cropped-VG-Transferi-logo-600x282.png 600w, https:\/\/vgtransferi.hr\/wp-content\/uploads\/2022\/02\/cropped-VG-Transferi-logo-300x141.png 300w, https:\/\/vgtransferi.hr\/wp-content\/uploads\/2022\/02\/cropped-VG-Transferi-logo-1024x481.png 1024w, https:\/\/vgtransferi.hr\/wp-content\/uploads\/2022\/02\/cropped-VG-Transferi-logo-768x360.png 768w, https:\/\/vgtransferi.hr\/wp-content\/uploads\/2022\/02\/cropped-VG-Transferi-logo-1536x721.png 1536w\" data-sizes=\"(max-width: 250px) 100vw, 250px\" src=\"data:image\/svg+xml;base64,PHN2ZyB3aWR0aD0iMSIgaGVpZ2h0PSIxIiB4bWxucz0iaHR0cDovL3d3dy53My5vcmcvMjAwMC9zdmciPjwvc3ZnPg==\" style=\"--smush-placeholder-width: 250px; --smush-placeholder-aspect-ratio: 250\/117;\" \/><\/a><\/div><\/div><\/div>\n<\/div><\/div><\/div>\n\n\n\n<h2 class=\"wp-block-heading\">Politika privatnosti<\/h2>\n\n\n\n<p>Kori\u0161tenjem ove web stranice dajete privolu na primjenu ovih pravila privatnosti, stoga vas molimo da ih pa\u017eljivo pro\u010ditate.<\/p>\n\n\n\n<p>VODITELJ OBRADE PODATAKA<\/p>\n\n\n\n<p>VG TRANSFERI, obrt za taxi prijevoz, vl. Vedran Grgi\u0107, Dr. Jurja Dobrile 26, VELIKA GORICA, OIB:MB:97645362 je voditelj obrade va\u0161ih osobnih podataka.<\/p>\n\n\n\n<p>Politika privatnosti se primjenjuje na sve osobne podatke korisnika koje prikupljamo i obra\u0111ujemo, izravno ili putem svojih partnera.<\/p>\n\n\n\n<p>Osobni podatak je svaki podatak koji se odnosi na fizi\u010dku osobu \u010diji je identitet utvr\u0111en ili se mo\u017ee utvrditi, izravno ili neizravno.<\/p>\n\n\n\n<p>Obrada podataka je bilo koja radnja izvr\u0161ena na osobnim podacima, poput primjerice prikupljanja, pohrane, upotrebe, uvida i prijenosa osobnih podataka.<\/p>\n\n\n\n<p>Ova Politika se ne primjenjuje na anonimne podatke. Anonimni podatak je podatak koji se ne mo\u017ee povezati s odre\u0111enom fizi\u010dkom osobom.<\/p>\n\n\n\n<p>U potpunosti po\u0161tujemo Va\u0161u privatnost. Va\u0161e ime, email adresa ili bilo koji drugi podaci koji se nalaze u na\u0161oj bazi i koje ste nam dali prilikom ispunjavanja obrasca za kupovinu poznati su isklju\u010divo administratoru i ne\u0107e biti kori\u0161teni u bilo koje svrhe osim onih definiranih u pravilu kori\u0161tenja i ne\u0107e biti dostupne nikakvoj tre\u0107oj strani koja nije povezana VG TRANSFERI, obrt za taxi prijevoz, vl. Vedran Grgi\u0107<br>Va\u0161 email ne\u0107e biti kori\u0161ten u reklamne svrhe i ne\u0107emo vas kontaktirati osim u situacijama koje su prihva\u0107ene s Va\u0161e strane (npr. da Vas obavijestimo o tijeku Va\u0161e narud\u017ebe). Ukoliko Vas kontaktiramo putem emaila jasno \u0107emo nazna\u010diti na koji na\u010din mo\u017eete otkazati daljnje obavijesti putem emaila s na\u0161e strane<\/p>\n\n\n\n<p>REGISTRACIJA KORISNIKA I PODACI<br>Prilikom kupovine korisnik dobrovoljno upisuje svoje osobne podatke za koje se vlasnik stranice VG TRANSFERI, obrt za taxi prijevoz, vl. Vedran Grgi\u0107 obvezuju po\u0161tivati i \u0161titi privatnost istih. Obvezujemo se da prikupljene podatke ne\u0107emo zloupotrebljavati ili ih neovla\u0161teno dijeliti tre\u0107im osobama osim uslijed nezakonitih radnji korisnika kada \u0107e VG TRANSFERI, obrt za taxi prijevoz, vl. Vedran Grgi\u0107 postupiti u skladu sa Zakonom RH te ustupiti podatke istra\u017enim tijelima RH.<br>Budu\u0107i da niti jedan prijenos podataka preko Interneta nije 100% siguran, stranica ne mo\u017ee biti odgovoran ukoliko tre\u0107e osobe na neovla\u0161ten na\u010din do\u0111u u posjed podataka te ne snosi odgovornost za eventualno nastalu \u0161tetu u takvoj situaciji.<\/p>\n\n\n\n<p>Pod osobnim podacima smatraju se osobni podaci koje nam izravno pru\u017eite u vezi s uslugama dostupnim na na\u0161oj web stranici. Ti podaci mogu uklju\u010divati sljede\u0107e:<\/p>\n\n\n\n<p>ime i prezime<br>adresa<br>elektroni\u010dka po\u0161ta<br>telefonski broj<br>OIB (ako je kupac pravna osoba)<br>Ti podaci koristit \u0107e se isklju\u010divo za realizaciju usluge.<\/p>\n\n\n\n<p>NARU\u010cIVANJE USLUGE<\/p>\n\n\n\n<p>Pristup naru\u010divanju usluge prijevoza mogu\u0107 je bez registracije.<\/p>\n\n\n\n<p>Pri kupovini na stranicama vgtransferi.hr bez registracije prikupljamo podatke koji su nu\u017eni za isporuku kupljene robe te se navedeni podaci pohranjuju u svrhu ispunjenja ugovora.<\/p>\n\n\n\n<p>Davanje osobnih podatka je odluka korisnika koji mo\u017ee ali i ne mora koristiti pogodnosti na\u0161e tvrtke. Ako korisnik odlu\u010di ne pru\u017eiti podatke potrebne za odre\u0111enu aktivnost , ista ne\u0107e mo\u0107i biti provedena.<\/p>\n\n\n\n<p>PRAVO NA ZABORAV OSOBNIH PODATAKA<\/p>\n\n\n\n<p>Korisnik ima pravo u bilo kojem trenutku zatra\u017eiti brisanje osobnih podataka. To mo\u017ee u\u010diniti slanjem zahtjeva na email adresu info@vgtransferi.hr i podaci \u0107e biti brisani bez odga\u0111anja osim u slu\u010daju da postoji zakonska obveza \u010duvanja navedenih podataka, legitimni interes te osnova za ostvarenje va\u0161ih zakonskih prava.<\/p>\n\n\n\n<p>Povratnu Informaciju na va\u0161 zahtjev bit \u0107emo u mogu\u0107nosti dati samo ako je upit poslan s aktivnog emaila koji je zabilje\u017een u na\u0161em poslovnom sustavu s to\u010dnim podacima unutar emaila ( ime i Prezime, broj telefona korisnika koji tra\u017ei informaciju) kako bi vas za\u0161titili od mogu\u0107nosti izlaganja va\u0161ih osobnih podataka nekoj tre\u0107oj osobi.<\/p>\n\n\n\n<p>POLITIKA KOLA\u010cI\u0106A<br>Trebali biste imati na umu da se neosobne informacije i podaci mogu automatski prikupljati putem na\u0161ih Internet servera ili kori\u0161tenjem \u201ekola\u010di\u0107a\u201c. Kliknite ovdje kako biste pro\u010ditali na\u0161u politiku o kola\u010di\u0107ima.<\/p>\n\n\n\n<p>Primjeri informacija o Va\u0161em kori\u0161tenju stranice uklju\u010duju: najposje\u0107enije i najgledanije stranice i poveznice na na\u0161oj web stranici, broj ispunjenih obrazaca, vrijeme provedeno na stranici, najpopularnije klju\u010dne rije\u010di koji korisnike vode do na\u0161e stranice, va\u0161a IP adresa, informacije koje se skupljaju putem kola\u010di\u0107a, podaci va\u0161eg ure\u0111aja poput postavki hardwarea, sistemske aktivnosti, vrste pretra\u017eiva\u010da itd.<\/p>\n\n\n\n<p>PROMJENE NA\u0160E POLITIKE PRIVATNOSTI<br>U slu\u010daju promjena na\u0161e politike privatnosti obavijestit \u0107emo Vas o tome na ovoj stranici i a\u017eurirati datum izmjene politike privatnosti dolje kako slijedi.<\/p>\n\n\n\n<p>Ova politika privatnosti je zadnji put izmijenjena 12. lipnja 2022. godine.<\/p>","protected":false},"excerpt":{"rendered":"<p>Politika privatnosti Kori\u0161tenjem ove web stranice dajete privolu na primjenu ovih pravila privatnosti, stoga vas molimo da ih pa\u017eljivo pro\u010ditate. VODITELJ OBRADE PODATAKA VG TRANSFERI, obrt za taxi prijevoz, vl. Vedran Grgi\u0107, Dr. Jurja Dobrile 26, VELIKA GORICA, OIB:MB:97645362 je voditelj obrade va\u0161ih osobnih podataka. Politika privatnosti se primjenjuje na sve osobne podatke korisnika koje [&hellip;]<\/p>\n","protected":false},"author":1,"featured_media":0,"parent":0,"menu_order":0,"comment_status":"closed","ping_status":"closed","template":"","meta":{"footnotes":""},"class_list":["post-3","page","type-page","status-publish","hentry"],"_links":{"self":[{"href":"https:\/\/vgtransferi.hr\/hr\/wp-json\/wp\/v2\/pages\/3","targetHints":{"allow":["GET"]}}],"collection":[{"href":"https:\/\/vgtransferi.hr\/hr\/wp-json\/wp\/v2\/pages"}],"about":[{"href":"https:\/\/vgtransferi.hr\/hr\/wp-json\/wp\/v2\/types\/page"}],"author":[{"embeddable":true,"href":"https:\/\/vgtransferi.hr\/hr\/wp-json\/wp\/v2\/users\/1"}],"replies":[{"embeddable":true,"href":"https:\/\/vgtransferi.hr\/hr\/wp-json\/wp\/v2\/comments?post=3"}],"version-history":[{"count":4,"href":"https:\/\/vgtransferi.hr\/hr\/wp-json\/wp\/v2\/pages\/3\/revisions"}],"predecessor-version":[{"id":610,"href":"https:\/\/vgtransferi.hr\/hr\/wp-json\/wp\/v2\/pages\/3\/revisions\/610"}],"wp:attachment":[{"href":"https:\/\/vgtransferi.hr\/hr\/wp-json\/wp\/v2\/media?parent=3"}],"curies":[{"name":"wp","href":"https:\/\/api.w.org\/{rel}","templated":true}]}}