{"id":862,"date":"2024-10-23T13:11:47","date_gmt":"2024-10-23T13:11:47","guid":{"rendered":"https:\/\/vgtransferi.hr\/?page_id=862"},"modified":"2025-10-30T11:21:47","modified_gmt":"2025-10-30T11:21:47","slug":"about-us","status":"publish","type":"page","link":"https:\/\/vgtransferi.hr\/hr\/about-us\/","title":{"rendered":"O nama"},"content":{"rendered":"<div data-elementor-type=\"wp-page\" data-elementor-id=\"862\" class=\"elementor elementor-862\" data-elementor-post-type=\"page\">\n\t\t\t\t<div class=\"elementor-element elementor-element-99f6df2 e-flex e-con-boxed e-con e-parent\" data-id=\"99f6df2\" data-element_type=\"container\" data-e-type=\"container\" data-settings=\"{&quot;background_background&quot;:&quot;classic&quot;}\">\n\t\t\t\t\t<div class=\"e-con-inner\">\n\t\t\t\t<div class=\"elementor-element elementor-element-64e0148 elementor-widget elementor-widget-heading\" data-id=\"64e0148\" data-element_type=\"widget\" data-e-type=\"widget\" data-widget_type=\"heading.default\">\n\t\t\t\t<div class=\"elementor-widget-container\">\n\t\t\t\t\t<h1 class=\"elementor-heading-title elementor-size-default\">O nama<\/h1>\t\t\t\t<\/div>\n\t\t\t\t<\/div>\n\t\t\t\t<div class=\"elementor-element elementor-element-287b338 elementor-widget-divider--view-line elementor-widget elementor-widget-divider\" data-id=\"287b338\" data-element_type=\"widget\" data-e-type=\"widget\" data-widget_type=\"divider.default\">\n\t\t\t\t<div class=\"elementor-widget-container\">\n\t\t\t\t\t\t\t<div class=\"elementor-divider\">\n\t\t\t<span class=\"elementor-divider-separator\">\n\t\t\t\t\t\t<\/span>\n\t\t<\/div>\n\t\t\t\t\t\t<\/div>\n\t\t\t\t<\/div>\n\t\t\t\t\t<\/div>\n\t\t\t\t<\/div>\n\t\t<div class=\"elementor-element elementor-element-5a25005 e-flex e-con-boxed e-con e-parent\" data-id=\"5a25005\" data-element_type=\"container\" data-e-type=\"container\">\n\t\t\t\t\t<div class=\"e-con-inner\">\n\t\t<div class=\"elementor-element elementor-element-ee70249 e-con-full e-flex e-con e-child\" data-id=\"ee70249\" data-element_type=\"container\" data-e-type=\"container\">\n\t\t\t\t<div class=\"elementor-element elementor-element-e3ce2ac elementor-widget elementor-widget-text-editor\" data-id=\"e3ce2ac\" data-element_type=\"widget\" data-e-type=\"widget\" data-widget_type=\"text-editor.default\">\n\t\t\t\t<div class=\"elementor-widget-container\">\n\t\t\t\t\t\t\t\t\t<p data-start=\"551\" data-end=\"772\">Ve\u0107 vi\u0161e od pet godina, VG Transferi pru\u017ea luksuznu uslugu privatnog voza\u010da i limuzinskog prijevoza u Zagrebu i sredi\u0161njoj Hrvatskoj, postavljaju\u0107i nove standarde udobnosti, sigurnosti i diskrecije.<\/p><p data-start=\"774\" data-end=\"1033\">Kao obiteljska tvrtka, ponosimo se osobnim pristupom i vrhunskim profesionalizmom. Na\u0161 vozni park premium vozila Mercedes-Benz i iskusni voza\u010di \u010dine svako putovanje posebnim do\u017eivljajem \u2014 bilo da se radi o poslovnom ili privatnom transferu.<\/p><p data-start=\"1035\" data-end=\"1356\">U VG Transferi vjerujemo da pru\u017eamo vi\u0161e od same vo\u017enje. Gradimo trajne odnose temeljene na povjerenju, pouzdanosti i potpunom zadovoljstvu klijenata. Svaki na\u0161 voza\u010d ima vi\u0161e od 25 godina profesionalnog iskustva i besprijekornu sigurnosnu evidenciju, \u0161to jam\u010di putovanje koje je jednako sigurno koliko i elegantno.<\/p>\t\t\t\t\t\t\t\t<\/div>\n\t\t\t\t<\/div>\n\t\t\t\t<div class=\"elementor-element elementor-element-f3fb5d4 elementor-widget-divider--view-line elementor-widget elementor-widget-divider\" data-id=\"f3fb5d4\" data-element_type=\"widget\" data-e-type=\"widget\" data-widget_type=\"divider.default\">\n\t\t\t\t<div class=\"elementor-widget-container\">\n\t\t\t\t\t\t\t<div class=\"elementor-divider\">\n\t\t\t<span class=\"elementor-divider-separator\">\n\t\t\t\t\t\t<\/span>\n\t\t<\/div>\n\t\t\t\t\t\t<\/div>\n\t\t\t\t<\/div>\n\t\t\t\t<\/div>\n\t\t\t\t\t<\/div>\n\t\t\t\t<\/div>\n\t\t<div class=\"elementor-element elementor-element-2c2f4a1 e-flex e-con-boxed e-con e-parent\" data-id=\"2c2f4a1\" data-element_type=\"container\" data-e-type=\"container\">\n\t\t\t\t\t<div class=\"e-con-inner\">\n\t\t<div class=\"elementor-element elementor-element-05ea2e5 e-con-full e-flex e-con e-child\" data-id=\"05ea2e5\" data-element_type=\"container\" data-e-type=\"container\">\n\t\t\t\t<div class=\"elementor-element elementor-element-2fd12e3 elementor-widget elementor-widget-heading\" data-id=\"2fd12e3\" data-element_type=\"widget\" data-e-type=\"widget\" data-widget_type=\"heading.default\">\n\t\t\t\t<div class=\"elementor-widget-container\">\n\t\t\t\t\t<h2 class=\"elementor-heading-title elementor-size-default\">Upoznajte na\u0161e voza\u010de<\/h2>\t\t\t\t<\/div>\n\t\t\t\t<\/div>\n\t\t\t\t<div class=\"elementor-element elementor-element-049f20c elementor-widget elementor-widget-heading\" data-id=\"049f20c\" data-element_type=\"widget\" data-e-type=\"widget\" data-widget_type=\"heading.default\">\n\t\t\t\t<div class=\"elementor-widget-container\">\n\t\t\t\t\t<h3 class=\"elementor-heading-title elementor-size-default\">Uz VG Transferi svako je putovanje u rukama voza\u010da koji predstavlja najvi\u0161e standarde profesionalnosti, iskustva i diskrecije.<\/h3>\t\t\t\t<\/div>\n\t\t\t\t<\/div>\n\t\t\t\t<\/div>\n\t\t<div class=\"elementor-element elementor-element-644e629 e-con-full e-flex e-con e-child\" data-id=\"644e629\" data-element_type=\"container\" data-e-type=\"container\">\n\t\t<div class=\"elementor-element elementor-element-73dfc42 e-con-full e-flex e-con e-child\" data-id=\"73dfc42\" data-element_type=\"container\" data-e-type=\"container\">\n\t\t\t\t<div class=\"elementor-element elementor-element-84a1c12 elementor-position-top elementor-widget elementor-widget-image-box\" data-id=\"84a1c12\" data-element_type=\"widget\" data-e-type=\"widget\" data-widget_type=\"image-box.default\">\n\t\t\t\t<div class=\"elementor-widget-container\">\n\t\t\t\t\t<div class=\"elementor-image-box-wrapper\"><figure class=\"elementor-image-box-img\"><img fetchpriority=\"high\" decoding=\"async\" width=\"2428\" height=\"2429\" src=\"https:\/\/vgtransferi.hr\/wp-content\/uploads\/2022\/06\/Vedran-vozac-1.jpg\" class=\"attachment-full size-full wp-image-547\" alt=\"Vedran, owner of VG Transfers. A professional private chauffeur.\" srcset=\"https:\/\/vgtransferi.hr\/wp-content\/uploads\/2022\/06\/Vedran-vozac-1.jpg 2428w, https:\/\/vgtransferi.hr\/wp-content\/uploads\/2022\/06\/Vedran-vozac-1-300x300.jpg 300w, https:\/\/vgtransferi.hr\/wp-content\/uploads\/2022\/06\/Vedran-vozac-1-100x100.jpg 100w, https:\/\/vgtransferi.hr\/wp-content\/uploads\/2022\/06\/Vedran-vozac-1-600x600.jpg 600w, https:\/\/vgtransferi.hr\/wp-content\/uploads\/2022\/06\/Vedran-vozac-1-1024x1024.jpg 1024w, https:\/\/vgtransferi.hr\/wp-content\/uploads\/2022\/06\/Vedran-vozac-1-150x150.jpg 150w, https:\/\/vgtransferi.hr\/wp-content\/uploads\/2022\/06\/Vedran-vozac-1-768x768.jpg 768w, https:\/\/vgtransferi.hr\/wp-content\/uploads\/2022\/06\/Vedran-vozac-1-1536x1536.jpg 1536w, https:\/\/vgtransferi.hr\/wp-content\/uploads\/2022\/06\/Vedran-vozac-1-2048x2048.jpg 2048w, https:\/\/vgtransferi.hr\/wp-content\/uploads\/2022\/06\/Vedran-vozac-1-12x12.jpg 12w, https:\/\/vgtransferi.hr\/wp-content\/uploads\/2022\/06\/Vedran-vozac-1-306x306.jpg 306w, https:\/\/vgtransferi.hr\/wp-content\/uploads\/2022\/06\/Vedran-vozac-1-533x533.jpg 533w\" sizes=\"(max-width: 2428px) 100vw, 2428px\" \/><\/figure><div class=\"elementor-image-box-content\"><h3 class=\"elementor-image-box-title\">Vedran<\/h3><p class=\"elementor-image-box-description\">S vi\u0161e od \u0161est godina iskustva u premium prijevozu, Vedran je osnovao VG Transferi kako bi pru\u017eio neusporedivu razinu udobnosti i pouzdanosti. Njegovo iskustvo u organizaciji prijevoza na europskim sportskim natjecanjima jam\u010di savr\u0161enu logistiku i za najzahtjevnije klijente.<\/p><\/div><\/div>\t\t\t\t<\/div>\n\t\t\t\t<\/div>\n\t\t\t\t<\/div>\n\t\t<div class=\"elementor-element elementor-element-43cf3b6 e-con-full e-flex e-con e-child\" data-id=\"43cf3b6\" data-element_type=\"container\" data-e-type=\"container\">\n\t\t\t\t<div class=\"elementor-element elementor-element-4ca12d1 elementor-position-top elementor-widget elementor-widget-image-box\" data-id=\"4ca12d1\" data-element_type=\"widget\" data-e-type=\"widget\" data-widget_type=\"image-box.default\">\n\t\t\t\t<div class=\"elementor-widget-container\">\n\t\t\t\t\t<div class=\"elementor-image-box-wrapper\"><figure class=\"elementor-image-box-img\"><img decoding=\"async\" width=\"375\" height=\"390\" data-src=\"https:\/\/vgtransferi.hr\/wp-content\/uploads\/2022\/06\/Miroslav.jpg\" class=\"attachment-full size-full wp-image-593 lazyload\" alt=\"Miroslav, chief driver at VG Transfers. A professional private chauffeur.\" data-srcset=\"https:\/\/vgtransferi.hr\/wp-content\/uploads\/2022\/06\/Miroslav.jpg 375w, https:\/\/vgtransferi.hr\/wp-content\/uploads\/2022\/06\/Miroslav-288x300.jpg 288w, https:\/\/vgtransferi.hr\/wp-content\/uploads\/2022\/06\/Miroslav-12x12.jpg 12w, https:\/\/vgtransferi.hr\/wp-content\/uploads\/2022\/06\/Miroslav-294x306.jpg 294w\" data-sizes=\"(max-width: 375px) 100vw, 375px\" src=\"data:image\/svg+xml;base64,PHN2ZyB3aWR0aD0iMSIgaGVpZ2h0PSIxIiB4bWxucz0iaHR0cDovL3d3dy53My5vcmcvMjAwMC9zdmciPjwvc3ZnPg==\" style=\"--smush-placeholder-width: 375px; --smush-placeholder-aspect-ratio: 375\/390;\" \/><\/figure><div class=\"elementor-image-box-content\"><h3 class=\"elementor-image-box-title\">miroslav<\/h3><p class=\"elementor-image-box-description\">Miroslav ima dugogodi\u0161nje iskustvo u radu s veleposlanstvima i visokim du\u017enosnicima. Kao voditelj voza\u010da na brojnim politi\u010dkim doga\u0111anjima, poznat je po preciznosti, sigurnosti i profesionalnosti. Njegova posebna sigurnosna provjera potvr\u0111uje povjerenje koje u\u017eiva kod klijenata.<\/p><\/div><\/div>\t\t\t\t<\/div>\n\t\t\t\t<\/div>\n\t\t\t\t<\/div>\n\t\t\t\t<\/div>\n\t\t<div class=\"elementor-element elementor-element-ecc4f3c e-con-full e-flex e-con e-child\" data-id=\"ecc4f3c\" data-element_type=\"container\" data-e-type=\"container\">\n\t\t\t\t<div class=\"elementor-element elementor-element-a644700 elementor-view-default elementor-position-block-start elementor-mobile-position-block-start elementor-widget elementor-widget-icon-box\" data-id=\"a644700\" data-element_type=\"widget\" data-e-type=\"widget\" data-widget_type=\"icon-box.default\">\n\t\t\t\t<div class=\"elementor-widget-container\">\n\t\t\t\t\t\t\t<div class=\"elementor-icon-box-wrapper\">\n\n\t\t\t\t\t\t<div class=\"elementor-icon-box-icon\">\n\t\t\t\t<span  class=\"elementor-icon\">\n\t\t\t\t<i aria-hidden=\"true\" class=\"fas fa-user-tie\"><\/i>\t\t\t\t<\/span>\n\t\t\t<\/div>\n\t\t\t\n\t\t\t\t\t\t<div class=\"elementor-icon-box-content\">\n\n\t\t\t\t\t\t\t\t\t<h3 class=\"elementor-icon-box-title\">\n\t\t\t\t\t\t<span  >\n\t\t\t\t\t\t\tTIM\t\t\t\t\t\t<\/span>\n\t\t\t\t\t<\/h3>\n\t\t\t\t\n\t\t\t\t\t\t\t\t\t<p class=\"elementor-icon-box-description\">\n\t\t\t\t\t\tNajmla\u0111i \u010dlan na\u0161eg tima, Tim, brzo je dokazao svoju predanost i odgovornost. Njegova pa\u017enja prema detaljima, to\u010dnost i ugodan pristup \u010dine ga va\u017enim dijelom na\u0161eg tima i jam\u010de zadovoljstvo svakog klijenta.\t\t\t\t\t<\/p>\n\t\t\t\t\n\t\t\t<\/div>\n\t\t\t\n\t\t<\/div>\n\t\t\t\t\t\t<\/div>\n\t\t\t\t<\/div>\n\t\t\t\t<\/div>\n\t\t\t\t\t<\/div>\n\t\t\t\t<\/div>\n\t\t\t\t<\/div>","protected":false},"excerpt":{"rendered":"<p>About Us For over five years, VG Transfers has been providing a luxury private chauffeur and limousine service in Zagreb and central Croatia, setting new standards in comfort, safety, and discretion. As a proud family business, we combine personalized attention with professional excellence. Our fleet of premium Mercedes-Benz vehicles and our team of experienced chauffeurs [&hellip;]<\/p>\n","protected":false},"author":2,"featured_media":0,"parent":0,"menu_order":0,"comment_status":"closed","ping_status":"closed","template":"","meta":{"footnotes":""},"class_list":["post-862","page","type-page","status-publish","hentry"],"_links":{"self":[{"href":"https:\/\/vgtransferi.hr\/hr\/wp-json\/wp\/v2\/pages\/862","targetHints":{"allow":["GET"]}}],"collection":[{"href":"https:\/\/vgtransferi.hr\/hr\/wp-json\/wp\/v2\/pages"}],"about":[{"href":"https:\/\/vgtransferi.hr\/hr\/wp-json\/wp\/v2\/types\/page"}],"author":[{"embeddable":true,"href":"https:\/\/vgtransferi.hr\/hr\/wp-json\/wp\/v2\/users\/2"}],"replies":[{"embeddable":true,"href":"https:\/\/vgtransferi.hr\/hr\/wp-json\/wp\/v2\/comments?post=862"}],"version-history":[{"count":46,"href":"https:\/\/vgtransferi.hr\/hr\/wp-json\/wp\/v2\/pages\/862\/revisions"}],"predecessor-version":[{"id":1208,"href":"https:\/\/vgtransferi.hr\/hr\/wp-json\/wp\/v2\/pages\/862\/revisions\/1208"}],"wp:attachment":[{"href":"https:\/\/vgtransferi.hr\/hr\/wp-json\/wp\/v2\/media?parent=862"}],"curies":[{"name":"wp","href":"https:\/\/api.w.org\/{rel}","templated":true}]}}